{"id":2918,"date":"2020-02-07T03:47:33","date_gmt":"2020-02-07T03:47:33","guid":{"rendered":"https:\/\/maxsepulvedaartevisual.com\/portafolio\/?page_id=2918"},"modified":"2021-10-18T01:11:51","modified_gmt":"2021-10-18T01:11:51","slug":"home-max","status":"publish","type":"page","link":"https:\/\/maxsepulvedaartevisual.com\/portafolio\/","title":{"rendered":"Inicio"},"content":{"rendered":"[vc_row][vc_column css=&#8221;.vc_custom_1581047188305{margin-bottom: 80px !important;}&#8221;]<div id=\"port_slider\" class=\"flexslider rdzz_flex_loading rdzz_vc_gal\">\r\n\t\t\t\t<ul class=\"slides\"><li><img src=\"https:\/\/maxsepulvedaartevisual.com\/portafolio\/wp-content\/uploads\/2020\/09\/Exposicion_Max_Sepulveda.jpg\"\/><\/li><\/ul><\/div>[\/vc_column][\/vc_row][vc_row css=&#8221;.vc_custom_1581047401279{margin-bottom: 40px !important;}&#8221;][vc_column width=&#8221;1\/3&#8243;]<div id=\"ultimate-heading-716169e00899541db\" class=\"uvc-heading ult-adjust-bottom-margin ultimate-heading-716169e00899541db uvc-3222 \" data-hspacer=\"line_only\"  data-halign=\"center\" style=\"text-align:center\"><div class=\"uvc-main-heading ult-responsive\"  data-ultimate-target='.uvc-heading.ultimate-heading-716169e00899541db h2'  data-responsive-json-new='{\"font-size\":\"\",\"line-height\":\"\"}' ><h2 style=\"font-weight:normal;\">MAX SEP\u00daLVEDA<\/h2><\/div><div class=\"uvc-heading-spacer line_only\" style=\"margin-top:10px;margin-bottom:10px;height:1px;\"><span class=\"uvc-headings-line\" style=\"border-style:solid;border-bottom-width:1px;border-color:#ccc;width:100px;\"><\/span><\/div><div class=\"uvc-sub-heading ult-responsive\"  data-ultimate-target='.uvc-heading.ultimate-heading-716169e00899541db .uvc-sub-heading '  data-responsive-json-new='{\"font-size\":\"\",\"line-height\":\"\"}'  style=\"font-weight:normal;margin-bottom:20px;\">Artista Visual<\/div><\/div>[\/vc_column][vc_column width=&#8221;1\/3&#8243;][vc_column_text]<span style=\"font-weight: 400;\">Max Sep\u00falveda es un artista visual, artesano y gestor cultural nacido en 1974 en San Vicente de Tagua Tagua, Chile. Posee un vasto trabajo creativo y productivo en el \u00e1mbito de la <strong>alfarer\u00eda, cer\u00e1mica, textiles, arte colaborativo y direcci\u00f3n de arte de audiovisuales.<\/strong> Su formaci\u00f3n ha sido con maestros artesanos y artistas visuales latinoamericanos y tambi\u00e9n en Universidades de Chile, Argentina y M\u00e9xico. Junto a la producci\u00f3n de obras, talleres, seminarios, cl\u00ednicas y demostraciones en ciudades de esos pa\u00edses, suma a su experiencia el trabajo de arte colaborativo y arte comunitario desarrollado en las regiones de Antofagasta, Los R\u00edos, Metropolitana, Valpara\u00edso y O\u00b4Higgins en Chile, como tambi\u00e9n en Costa Rica, M\u00e9xico, Nueva Zelanda, Uruguay y Colombia.<\/span>[\/vc_column_text][\/vc_column][vc_column width=&#8221;1\/3&#8243;][vc_column_text]<span style=\"font-weight: 400;\">El artista concibe el arte comunitario y colaborativo como una poderosa herramienta de transformaci\u00f3n social, terapia y alimento para el alma. Su inspiraci\u00f3n viene de los lugares en donde desarrolla sus obras individuales, obras colaborativas y talleres de trasmisi\u00f3n de conocimientos en los cuales plasma tem\u00e1ticas sociales, memoria, el patrimonio natural y cultural, con el objeto de <strong>visibilizar, valorar, proteger y revitalizar las identidades del territorio y la cultura que habita.<\/strong><\/span>[\/vc_column_text][\/vc_column][\/vc_row][vc_row][vc_column][vc_text_separator title=&#8221;Trabajos realizados&#8221;][\/vc_column][\/vc_row][vc_row css=&#8221;.vc_custom_1581047633826{margin-bottom: 40px !important;}&#8221;][vc_column][vc_row_inner][vc_column_inner width=&#8221;1\/4&#8243;]<div class=\"achievements\">\r\n\t\t\t\t<h3 style=\"color: !important;\">18<\/h3>\r\n\t\t\t\t<hr>\r\n\t\t\t\t<h4><strong>Exposiciones<br \/>\nIndividuales y Colectivas<\/strong><\/p>\n<p>en Chile, Belize, Argentina<br \/>\ny Nueva Zelanda<\/h4>\r\n\t\t\t <\/div>[\/vc_column_inner][vc_column_inner width=&#8221;1\/4&#8243;]<div class=\"achievements\">\r\n\t\t\t\t<h3 style=\"color: !important;\">54<\/h3>\r\n\t\t\t\t<hr>\r\n\t\t\t\t<h4><strong>Talleres Impartidos<\/strong><\/p>\n<p>en Chile, M\u00e9xico, Argentina, Costa Rica, Colombia y Nueva Zelanda<strong><br \/>\n<\/strong><\/h4>\r\n\t\t\t <\/div>[\/vc_column_inner][vc_column_inner width=&#8221;1\/4&#8243;]<div class=\"achievements\">\r\n\t\t\t\t<h3 style=\"color: !important;\">28<\/h3>\r\n\t\t\t\t<hr>\r\n\t\t\t\t<h4><strong>Ferias, Festivales,<br \/>\nEncuentros y otros<\/strong><\/p>\n<p>en Chile, Costa Rica, M\u00e9xico,<br \/>\nPer\u00fa y Uruguay<\/h4>\r\n\t\t\t <\/div>[\/vc_column_inner][vc_column_inner width=&#8221;1\/4&#8243;]<div class=\"achievements\">\r\n\t\t\t\t<h3 style=\"color: !important;\">7<\/h3>\r\n\t\t\t\t<hr>\r\n\t\t\t\t<h4><strong>Residencias Art\u00edsticas<br \/>\ny de Arte Colaborativo<\/strong><\/p>\n<p>en Chile, M\u00e9xico y Nueva Zelanda<\/h4>\r\n\t\t\t <\/div>[\/vc_column_inner][\/vc_row_inner][\/vc_column][\/vc_row][vc_row][vc_column][vc_separator][\/vc_column][\/vc_row][vc_row][vc_column][vc_column_text]<\/p>\n<div class=\"foogallery foogallery-container foogallery-masonry foogallery-lightbox-foobox fg-center fg-masonry fg-transparent fg-shadow-small fg-loading-default fg-loaded-fade-in fg-caption-hover fg-hover-fade fg-light-overlays fg-ready fg-col4\" id=\"foogallery-gallery-3385\" data-foogallery=\"{&quot;item&quot;:{&quot;showCaptionTitle&quot;:true,&quot;showCaptionDescription&quot;:true},&quot;lazy&quot;:true}\" >\r\n\t\t<div class=\"fg-column-width\"><\/div>\r\n\t<div class=\"fg-gutter-width\"><\/div>\r\n\t\t<div class=\"fg-item fg-type-image fg-idle\"><figure class=\"fg-item-inner\"><a href=\"https:\/\/maxsepulvedaartevisual.com\/portafolio\/wp-content\/uploads\/2020\/09\/antofagasta.jpg\" data-caption-title=\"Antofagasta\" data-attachment-id=\"3562\" class=\"fg-thumb\"><span class=\"fg-image-wrap\"><img title=\"Antofagasta\" width=\"500\" height=\"938\" class=\"skip-lazy fg-image\" data-src-fg=\"https:\/\/maxsepulvedaartevisual.com\/portafolio\/wp-content\/uploads\/cache\/2020\/09\/antofagasta\/1607892124.jpg\" src=\"data:image\/svg+xml,%3Csvg%20xmlns%3D%22http%3A%2F%2Fwww.w3.org%2F2000%2Fsvg%22%20width%3D%22500%22%20height%3D%22938%22%20viewBox%3D%220%200%20500%20938%22%3E%3C%2Fsvg%3E\"><\/span><span class=\"fg-image-overlay\"><\/span><\/a><figcaption class=\"fg-caption\"><div class=\"fg-caption-inner\"><div class=\"fg-caption-title\">Antofagasta<\/div><\/div><\/figcaption><\/figure><div class=\"fg-loader\"><\/div><\/div><div class=\"fg-item fg-type-image fg-idle\"><figure class=\"fg-item-inner\"><a href=\"https:\/\/maxsepulvedaartevisual.com\/portafolio\/wp-content\/uploads\/2020\/09\/IMG_4559_sm.jpg\" data-caption-title=\"Vasija\" data-attachment-id=\"3489\" class=\"fg-thumb\"><span class=\"fg-image-wrap\"><img title=\"Vasija\" width=\"500\" height=\"333\" class=\"skip-lazy fg-image\" data-src-fg=\"https:\/\/maxsepulvedaartevisual.com\/portafolio\/wp-content\/uploads\/cache\/2020\/09\/IMG_4559_sm\/1116763983.jpg\" src=\"data:image\/svg+xml,%3Csvg%20xmlns%3D%22http%3A%2F%2Fwww.w3.org%2F2000%2Fsvg%22%20width%3D%22500%22%20height%3D%22333%22%20viewBox%3D%220%200%20500%20333%22%3E%3C%2Fsvg%3E\"><\/span><span class=\"fg-image-overlay\"><\/span><\/a><figcaption class=\"fg-caption\"><div class=\"fg-caption-inner\"><div class=\"fg-caption-title\">Vasija<\/div><\/div><\/figcaption><\/figure><div class=\"fg-loader\"><\/div><\/div><div class=\"fg-item fg-type-image fg-idle\"><figure class=\"fg-item-inner\"><a href=\"https:\/\/maxsepulvedaartevisual.com\/portafolio\/wp-content\/uploads\/2020\/09\/sueno-de-cuarentena.jpg\" data-caption-title=\"Sue\u00f1o de Cuarentena\" data-attachment-id=\"3563\" class=\"fg-thumb\"><span class=\"fg-image-wrap\"><img title=\"Sue\u00f1o de Cuarentena\" width=\"500\" height=\"936\" class=\"skip-lazy fg-image\" data-src-fg=\"https:\/\/maxsepulvedaartevisual.com\/portafolio\/wp-content\/uploads\/2020\/09\/sueno-de-cuarentena.jpg\" src=\"data:image\/svg+xml,%3Csvg%20xmlns%3D%22http%3A%2F%2Fwww.w3.org%2F2000%2Fsvg%22%20width%3D%22500%22%20height%3D%22936%22%20viewBox%3D%220%200%20500%20936%22%3E%3C%2Fsvg%3E\"><\/span><span class=\"fg-image-overlay\"><\/span><\/a><figcaption class=\"fg-caption\"><div class=\"fg-caption-inner\"><div class=\"fg-caption-title\">Sue\u00f1o de Cuarentena<\/div><\/div><\/figcaption><\/figure><div class=\"fg-loader\"><\/div><\/div><div class=\"fg-item fg-type-image fg-idle\"><figure class=\"fg-item-inner\"><a href=\"https:\/\/maxsepulvedaartevisual.com\/portafolio\/wp-content\/uploads\/2020\/02\/pez.jpg\" data-caption-title=\"Pez\" data-attachment-id=\"2858\" class=\"fg-thumb\"><span class=\"fg-image-wrap\"><img title=\"Pez\" width=\"500\" height=\"500\" class=\"skip-lazy fg-image\" data-src-fg=\"https:\/\/maxsepulvedaartevisual.com\/portafolio\/wp-content\/uploads\/cache\/2020\/02\/pez\/3429721996.jpg\" src=\"data:image\/svg+xml,%3Csvg%20xmlns%3D%22http%3A%2F%2Fwww.w3.org%2F2000%2Fsvg%22%20width%3D%22500%22%20height%3D%22500%22%20viewBox%3D%220%200%20500%20500%22%3E%3C%2Fsvg%3E\"><\/span><span class=\"fg-image-overlay\"><\/span><\/a><figcaption class=\"fg-caption\"><div class=\"fg-caption-inner\"><div class=\"fg-caption-title\">Pez<\/div><\/div><\/figcaption><\/figure><div class=\"fg-loader\"><\/div><\/div><div class=\"fg-item fg-type-image fg-idle\"><figure class=\"fg-item-inner\"><a href=\"https:\/\/maxsepulvedaartevisual.com\/portafolio\/wp-content\/uploads\/2020\/02\/pakal-de-palenque.jpg\" data-caption-title=\"Pakal de Palenque\" data-attachment-id=\"2857\" class=\"fg-thumb\"><span class=\"fg-image-wrap\"><img title=\"Pakal de Palenque\" width=\"500\" height=\"753\" class=\"skip-lazy fg-image\" data-src-fg=\"https:\/\/maxsepulvedaartevisual.com\/portafolio\/wp-content\/uploads\/cache\/2020\/02\/pakal-de-palenque\/143354468.jpg\" src=\"data:image\/svg+xml,%3Csvg%20xmlns%3D%22http%3A%2F%2Fwww.w3.org%2F2000%2Fsvg%22%20width%3D%22500%22%20height%3D%22753%22%20viewBox%3D%220%200%20500%20753%22%3E%3C%2Fsvg%3E\"><\/span><span class=\"fg-image-overlay\"><\/span><\/a><figcaption class=\"fg-caption\"><div class=\"fg-caption-inner\"><div class=\"fg-caption-title\">Pakal de Palenque<\/div><\/div><\/figcaption><\/figure><div class=\"fg-loader\"><\/div><\/div><div class=\"fg-item fg-type-image fg-idle\"><figure class=\"fg-item-inner\"><a href=\"https:\/\/maxsepulvedaartevisual.com\/portafolio\/wp-content\/uploads\/2020\/09\/Montaje-para-fotograf\u00eda-de-la-muestra-Widufe-Kuyfiche.jpg\" data-caption-title=\"Muestra Widufe Kuyfiche\" data-attachment-id=\"3386\" class=\"fg-thumb\"><span class=\"fg-image-wrap\"><img title=\"Muestra Widufe Kuyfiche\" width=\"500\" height=\"700\" class=\"skip-lazy fg-image\" data-src-fg=\"https:\/\/maxsepulvedaartevisual.com\/portafolio\/wp-content\/uploads\/2020\/09\/Montaje-para-fotograf\u00eda-de-la-muestra-Widufe-Kuyfiche.jpg\" src=\"data:image\/svg+xml,%3Csvg%20xmlns%3D%22http%3A%2F%2Fwww.w3.org%2F2000%2Fsvg%22%20width%3D%22500%22%20height%3D%22700%22%20viewBox%3D%220%200%20500%20700%22%3E%3C%2Fsvg%3E\"><\/span><span class=\"fg-image-overlay\"><\/span><\/a><figcaption class=\"fg-caption\"><div class=\"fg-caption-inner\"><div class=\"fg-caption-title\">Muestra Widufe Kuyfiche<\/div><\/div><\/figcaption><\/figure><div class=\"fg-loader\"><\/div><\/div><div class=\"fg-item fg-type-image fg-idle\"><figure class=\"fg-item-inner\"><a href=\"https:\/\/maxsepulvedaartevisual.com\/portafolio\/wp-content\/uploads\/2020\/02\/jarron.jpg\" data-caption-title=\"Jarr\u00f3n\" data-attachment-id=\"2947\" class=\"fg-thumb\"><span class=\"fg-image-wrap\"><img title=\"Jarr\u00f3n\" width=\"500\" height=\"418\" class=\"skip-lazy fg-image\" data-src-fg=\"https:\/\/maxsepulvedaartevisual.com\/portafolio\/wp-content\/uploads\/cache\/2020\/02\/jarron\/1645723274.jpg\" src=\"data:image\/svg+xml,%3Csvg%20xmlns%3D%22http%3A%2F%2Fwww.w3.org%2F2000%2Fsvg%22%20width%3D%22500%22%20height%3D%22418%22%20viewBox%3D%220%200%20500%20418%22%3E%3C%2Fsvg%3E\"><\/span><span class=\"fg-image-overlay\"><\/span><\/a><figcaption class=\"fg-caption\"><div class=\"fg-caption-inner\"><div class=\"fg-caption-title\">Jarr\u00f3n<\/div><\/div><\/figcaption><\/figure><div class=\"fg-loader\"><\/div><\/div><div class=\"fg-item fg-type-image fg-idle\"><figure class=\"fg-item-inner\"><a href=\"https:\/\/maxsepulvedaartevisual.com\/portafolio\/wp-content\/uploads\/2020\/09\/viviendo-la-cuarentena.jpg\" data-caption-title=\"Viviendo la Cuarentena\" data-attachment-id=\"3564\" class=\"fg-thumb\"><span class=\"fg-image-wrap\"><img title=\"Viviendo la Cuarentena\" width=\"500\" height=\"489\" class=\"skip-lazy fg-image\" data-src-fg=\"https:\/\/maxsepulvedaartevisual.com\/portafolio\/wp-content\/uploads\/cache\/2020\/09\/viviendo-la-cuarentena\/1839161545.jpg\" src=\"data:image\/svg+xml,%3Csvg%20xmlns%3D%22http%3A%2F%2Fwww.w3.org%2F2000%2Fsvg%22%20width%3D%22500%22%20height%3D%22489%22%20viewBox%3D%220%200%20500%20489%22%3E%3C%2Fsvg%3E\"><\/span><span class=\"fg-image-overlay\"><\/span><\/a><figcaption class=\"fg-caption\"><div class=\"fg-caption-inner\"><div class=\"fg-caption-title\">Viviendo la Cuarentena<\/div><\/div><\/figcaption><\/figure><div class=\"fg-loader\"><\/div><\/div><\/div>\n<p>[\/vc_column_text][\/vc_column][\/vc_row]","protected":false},"excerpt":{"rendered":"<p>[vc_row][vc_column css=&#8221;.vc_custom_1581047188305{margin-bottom: 80px !important;}&#8221;][\/vc_column][\/vc_row][vc_row css=&#8221;.vc_custom_1581047401279{margin-bottom: 40px !important;}&#8221;][vc_column width=&#8221;1\/3&#8243;][\/vc_column][vc_column width=&#8221;1\/3&#8243;][vc_column_text]Max Sep\u00falveda es un artista visual, artesano y gestor cultural nacido en 1974 en San Vicente de Tagua Tagua, Chile. Posee un vasto trabajo creativo y productivo en el \u00e1mbito de la alfarer\u00eda, cer\u00e1mica, textiles, arte colaborativo y direcci\u00f3n de arte de audiovisuales. Su formaci\u00f3n ha sido [&hellip;]<\/p>\n","protected":false},"author":2,"featured_media":0,"parent":0,"menu_order":0,"comment_status":"closed","ping_status":"closed","template":"","meta":[],"_links":{"self":[{"href":"https:\/\/maxsepulvedaartevisual.com\/portafolio\/wp-json\/wp\/v2\/pages\/2918"}],"collection":[{"href":"https:\/\/maxsepulvedaartevisual.com\/portafolio\/wp-json\/wp\/v2\/pages"}],"about":[{"href":"https:\/\/maxsepulvedaartevisual.com\/portafolio\/wp-json\/wp\/v2\/types\/page"}],"author":[{"embeddable":true,"href":"https:\/\/maxsepulvedaartevisual.com\/portafolio\/wp-json\/wp\/v2\/users\/2"}],"replies":[{"embeddable":true,"href":"https:\/\/maxsepulvedaartevisual.com\/portafolio\/wp-json\/wp\/v2\/comments?post=2918"}],"version-history":[{"count":15,"href":"https:\/\/maxsepulvedaartevisual.com\/portafolio\/wp-json\/wp\/v2\/pages\/2918\/revisions"}],"predecessor-version":[{"id":3548,"href":"https:\/\/maxsepulvedaartevisual.com\/portafolio\/wp-json\/wp\/v2\/pages\/2918\/revisions\/3548"}],"wp:attachment":[{"href":"https:\/\/maxsepulvedaartevisual.com\/portafolio\/wp-json\/wp\/v2\/media?parent=2918"}],"curies":[{"name":"wp","href":"https:\/\/api.w.org\/{rel}","templated":true}]}}